{"id":5646,"date":"2025-02-25T10:03:06","date_gmt":"2025-02-25T10:03:06","guid":{"rendered":"https:\/\/www.ovidias.com\/politique-de-confidentialite\/"},"modified":"2025-12-04T15:00:50","modified_gmt":"2025-12-04T15:00:50","slug":"politique-de-confidentialite","status":"publish","type":"page","link":"https:\/\/www.ovidias.com\/fr\/politique-de-confidentialite\/","title":{"rendered":"Politique de confidentialit\u00e9"},"content":{"rendered":"\t\t<div data-elementor-type=\"wp-page\" data-elementor-id=\"5646\" class=\"elementor elementor-5646 elementor-3\" data-elementor-post-type=\"page\">\n\t\t\t\t<div class=\"elementor-element elementor-element-437aabb2 e-flex e-con-boxed e-con e-parent\" data-id=\"437aabb2\" data-element_type=\"container\" data-e-type=\"container\">\n\t\t\t\t\t<div class=\"e-con-inner\">\n\t\t\t\t<div class=\"elementor-element elementor-element-5e8b9d74 elementor-widget elementor-widget-text-editor\" data-id=\"5e8b9d74\" data-element_type=\"widget\" data-e-type=\"widget\" data-widget_type=\"text-editor.default\">\n\t\t\t\t<div class=\"elementor-widget-container\">\n\t\t\t\t\t\t\t\t\t<h2 class=\"wp-block-heading\"><strong>Politique de confidentialit\u00e9<\/strong><\/h2><p>Le site, accessible \u00e0 l\u2019adresse <a href=\"http:\/\/www.ovidias.com\/\">www.ovidias.com<\/a>, ci-apr\u00e8s le \u201cSite Internet\u201d, g\u00e9r\u00e9 par Praliweb bv, ayant son si\u00e8ge social \u00e9tabli \u00e0 3730 Bilzen-Hoeselt, Industrielaan 26, inscrite \u00e0 B.C.E. n\u00b0 0607.968.581, ci-apr\u00e8s d\u00e9nomm\u00e9e \u201cPraliweb\u201d.<\/p><p><strong>1. Responsable de traitement des donn\u00e9es personnelles<\/strong><\/p><p>Praliweb est responsable de traitement de vos donn\u00e9es personnelles sur son Site Internet. Praliweb, en tant que soci\u00e9t\u00e9 belge, respecte la &#8220;loi belge du 30 juillet 2018 relative \u00e0 la protection des personnes physiques \u00e0 l&#8217;\u00e9gard du traitement des donn\u00e9es \u00e0 caract\u00e8re personnel&#8221;. <\/p><p><strong>2. Donn\u00e9es Personelles Collect\u00e9es<\/strong><\/p><p><span style=\"text-decoration: underline;\">2.1. Les donn\u00e9es que vous nous communiquez<\/span><\/p><p>Lors d\u2019un achat sur le Site Internet, l\u2019enregistrement pour le bulletin: le nom et pr\u00e9nom, le domicile, l\u2019entreprise, les coordonn\u00e9es de contact (e-mail, t\u00e9l\u00e9phone, mobile, fax).<\/p><p><span style=\"text-decoration: underline;\">2.2. Les donn\u00e9es qui sont automatiquement collect\u00e9es<\/span><\/p><p>Un &#8220;cookie&#8221; est un petit fichier envoy\u00e9 par le serveur de Praliweb et plac\u00e9 sur le disque dur de l&#8217;ordinateur de l&#8217;Utilisateur. Pour de plus amples informations \u00e0 ce sujet, nous nous r\u00e9f\u00e9rons \u00e0 notre politique de cookies (voir le point 9 ci-dessous)<br>Certaines donn\u00e9es peuvent \u00eatre collect\u00e9es sans \u00eatre stock\u00e9es par voie de cookies. Ces donn\u00e9es ne peuvent \u00eatre consult\u00e9es que par Praliweb et uniquement en cours de visite du Site internet. Il s\u2019agit de: 1) l&#8217;adresse TCP \/ IP 2) le type et la version de votre syst\u00e8me de navigation 3) la derni\u00e8re page Internet visit\u00e9e. 4) le comportement de navigation, 5) les donn\u00e9es et le moment de votre visite sur notre site 6) le temps que vous passez sur notre site.<br>  <\/p><p><span style=\"text-decoration: underline;\">2.3. Les donn\u00e9es personnelles transmises par des partenaires commerciaux<\/span><\/p><p>Dans cette hypoth\u00e8se, les partenaires commerciaux garantissent \u00e0 Praliweb qu&#8217;ils ont effectivement re\u00e7u l&#8217;autorisation de transmettre ces donn\u00e9es personnelles.<\/p><p><strong>3. Fins d&#8217;utilisation des donn\u00e9es<\/strong><\/p><p><span style=\"text-decoration: underline;\">3.1. Objectifs g\u00e9n\u00e9raux<\/span><\/p><p>Les donn\u00e9es personnelles sont rassembl\u00e9es en vue de :<\/p><p>Offrir \u00e0 l&#8217;Utilisateur les Services propos\u00e9s par le Site internet ;<br>&#8211; Permettre une \u00e9tude de march\u00e9 en vue d&#8217;am\u00e9liorer la qualit\u00e9 technique et intrins\u00e8que du Site Internet ;<br>&#8211; Fournir des informations \u00e0 l&#8217;utilisateur, envoyer un e-mail avec diff\u00e9rentes offres qui pourraient l&#8217;int\u00e9resser ;<br>&#8211; Administrer l\u2019aspect technique du Site Internet ;<br>&#8211; Apr\u00e8s s\u2019\u00eatre assur\u00e9 du caract\u00e8re anonyme des donn\u00e9es, \u00e9tablir des statistiques ou mener des enqu\u00eates concernant la quantit\u00e9 de visites sur les diff\u00e9rentes parties du Site Internet; <br>&#8211; Afficher des annonces personnalis\u00e9es.<\/p><p><span style=\"text-decoration: underline;\">3.2. Marketing direct et communication aux tiers<\/span><\/p><p>Les donn\u00e9es personnelles de l&#8217;Utilisateur restent strictement confidentielles et ne peuvent en aucun cas \u00eatre communiqu\u00e9es \u00e0 des tiers ou utilis\u00e9es \u00e0 des fins de marketing direct, \u00e0 moins pour Praliweb d&#8217;avoir re\u00e7u express\u00e9ment et au pr\u00e9alable l&#8217;autorisation de l&#8217;Utilisateur (&#8220;opt-in&#8221;) lors de son Inscription.<br>L&#8217;autorisation en question peut \u00eatre retir\u00e9e \u00e0 tout moment, sans motif et gratuitement moyennant l&#8217;envoi d&#8217;un mail \u00e0 <a href=\"mailto:contact@ovidias.com\">contact@ovidias.com<\/a> ou en ayant recours \u00e0 la rubrique &#8220;<a href=\"http:\/\/contact\" data-wplink-url-error=\"true\">Contactez-nous<\/a>&#8221; sur le Site Internet.<\/p><p><span style=\"text-decoration: underline;\">3.3. Violations graves<\/span><\/p><p>Nous pourrons transmettre les donn\u00e9es des utilisateurs sur demande de la Justice en cas de violations graves des r\u00e8gles de conduite.<\/p><p><strong>4. Dur\u00e9e de conservation des donn\u00e9es<\/strong><\/p><p>Toutes les donn\u00e9es personnelles sont conserv\u00e9es pour toute la p\u00e9riode n\u00e9cessaire pour atteindre les objectifs d\u00e9crits ci-dessus.<\/p><p><strong>5. Droits<\/strong><\/p><p>L&#8217;Utilisateur a le droit de consulter gratuitement ses donn\u00e9es personnelles \u00e0 tout moment, de rectifier, modifier ou supprimer et transf\u00e9rer celles-ci, en envoyant un mail \u00e0 l&#8217;adresse <a href=\"mailto:contact@ovidias.com\">contact@ovidias.com<\/a>, en ayant recours \u00e0 la rubrique &#8220;<a href=\"http:\/\/contact\" data-wplink-url-error=\"true\">Contact<\/a>&#8221; sur le Site internet ou par courrier \u00e0 bv Praliweb, ayant son si\u00e8ge social \u00e9tabli \u00e0 3730 Hoeselt, Industrielaan 26, Belgique en joignant copie de la carte d&#8217;identit\u00e9 de l&#8217;Utilisateur.<\/p><p>De gebruiker is geheel vrij om zijn persoonsgegevens al dan niet aan Praliweb mee te delen. Hij dient wel te weten dat bepaalde diensten geweigerd kunnen worden indien hij zijn persoonsgegevens niet invult op het bestelformulier en dat hij als enige verantwoordelijk is voor de juistheid van de gegevens die hij meedeelt aan Praliweb. <\/p><p>L\u2019Utilisateur peut exercer son droit de contestation dans le cadre du traitement de ses donn\u00e9es personnelles, s\u2019il estime qu\u2019il existe de s\u00e9rieuses et l\u00e9gitimes raisons, en nous adressant un mail \u00e0 info@ovidias.com ou en ayant recours \u00e0 la rubrique &#8220;Contact&#8221; sur le Site Internet. Il ne peut par contre s&#8217;opposer au traitement de ses donn\u00e9es personnelles si ce dernier est essentiel \u00e0 l&#8217;ex\u00e9cution d&#8217;obligations contractuelles. <\/p><p>Au lieu de la suppression, vous pouvez \u00e9galement nous demander de limiter le traitement de vos donn\u00e9es personnelles.<\/p><p><strong>6. Partage avec des tiers<\/strong><\/p><p>Praliweb transf\u00e8re certaines donn\u00e9es personnelles \u00e0 Google inc. Hotjar, Cloudflare, Facebook, LinkedIn. <\/p><p>Google Inc, Cloudflare, Facebook et LinkedIn sont des fournisseurs de services tiers en dehors de l&#8217;Espace \u00e9conomique europ\u00e9en (&#8220;EEE&#8221;). Toutefois, pour garantir un niveau de protection ad\u00e9quat de vos donn\u00e9es personnelles, nous exigeons de nos fournisseurs de services tiers qu&#8217;ils se conforment \u00e0 l&#8217;un des m\u00e9canismes de transfert sp\u00e9cifi\u00e9s dans le RGPD et approuv\u00e9s par la Commission europ\u00e9enne. Ainsi, Google Inc, Facebook, LinkedIn et Cloudflare utilisent les clauses contractuelles types de la Commission europ\u00e9enne. En outre, Facebook invoque \u00e9galement les d\u00e9cisions d&#8217;ad\u00e9quation de la Commission europ\u00e9enne si n\u00e9cessaire.<\/p><p><strong>7. S\u00e9curit\u00e9 et confidentialit\u00e9<\/strong><\/p><p>Praliweb a d\u00e9velopp\u00e9 des r\u00e8gles de s\u00e9curit\u00e9 adapt\u00e9es sur le plan technique et organisationnel afin d\u2019\u00e9viter la destruction, la perte, la falsification, la modification, l\u2019acc\u00e8s interdit, la communication par erreur \u00e0 des tiers ainsi que tout autre traitement non autoris\u00e9 des donn\u00e9es personnelles collect\u00e9es. <\/p><p>Praliweb ne peut en aucun cas \u00eatre tenu responsable pour tout dommage direct ou indirect r\u00e9sultant d\u2019une manipulation fautive ou ill\u00e9gitime commise par des tiers sur les donn\u00e9es personnelles.<\/p><p>Praliweb tient \u00e0 vous signaler que les liens vers le Site Internet peuvent contenir des liens hypertextes et autres r\u00e9f\u00e9rences vers d\u2019autres sites que nous ne g\u00e9rons, ni ne contr\u00f4lons pas et auxquels ces R\u00e8gles de Protection de la Vie Priv\u00e9e ne sont pas d\u2019application. Praliweb n\u2019est pas responsable du contenu de ces sites internet ni des offres, produits et services propos\u00e9s par ceux-ci. Praliweb vous recommande donc de lire attentivement les r\u00e8gles de protection de la vie priv\u00e9e de chaque site que vous visitez, ces r\u00e8gles pouvant diff\u00e9rer des pr\u00e9sentes R\u00e8gles de Protection de la Vie Priv\u00e9e.   <\/p><p><strong>8. Droit applicable et Juridiction comp\u00e9tente<\/strong><\/p><p>Ces R\u00e8gles de Protection de la Vie Priv\u00e9e sont r\u00e9gies, interpr\u00e9t\u00e9es et ex\u00e9cut\u00e9es conform\u00e9ment au droit belge, seul droit applicable en cas de litige.<\/p><p>Les Tribunaux de l\u2019arrondissement Tongres sont exclusivement comp\u00e9tents pour tout litige qui pourrait na\u00eetre de l\u2019interpr\u00e9tation ou de l\u2019ex\u00e9cution des pr\u00e9sentes R\u00e8gles de Protection de la Vie Priv\u00e9e.<\/p><p><strong>9. Autres dispositions<\/strong><\/p><p><span style=\"text-decoration: underline;\">9.1. Acceptation<\/span><\/p><p>Vie Priv\u00e9e et vous acceptez que Praliweb recueille vos donn\u00e9es personnelles afin de les traiter conform\u00e9ment aux pr\u00e9sentes R\u00e8gles de Protection de la Vie Priv\u00e9e.<\/p><p><span style=\"text-decoration: underline;\">9.2. Contact<\/span><\/p><p>Pour toute information compl\u00e9mentaire ou toute remarque concernant ces R\u00e8gles de Protection de la Vie Priv\u00e9e ou la mani\u00e8re dont les donn\u00e9es sont recueillies, contactez-nous \u00e0 l&#8217;adresse suivante: bv Praliweb, ayant son si\u00e8ge social \u00e9tabli \u00e0 3730 Bizen-Hoeselt, Industrielaan 26, Belgique ou via email : contact@ovidias.com.<\/p><p>Toute plainte ou contestation doit \u00eatre adress\u00e9e par courrier recommand\u00e9 \u00e0 l&#8217;adresse mentionn\u00e9e ci-dessus. Toute communication par Praliweb \u00e0 l&#8217;Utilisateur se fait par le Site Internet ou via l&#8217;e-mail de l&#8217;Utilisateur.<br>Si vous avez une plainte concernant le traitement de vos donn\u00e9es personnelles par nos soins, vous pouvez toujours prendre contact avec nous via l\u2019adresse e-mail contact@ovidias.com.<br>Si notre r\u00e9ponse est toujours insatisfaisante, vous \u00eates libre d\u2019introduire une plainte aupr\u00e8s des autorit\u00e9s comp\u00e9tentes en mati\u00e8re de protection des donn\u00e9es, L&#8217;Autorit\u00e9 de protection des donn\u00e9es belge.<br>Pour obtenir plus d&#8217;informations, surfez sur www.autoriteprotectiondonnees.be.  <\/p><p>Toute communication de Praliweb \u00e0 l&#8217;utilisateur se fait via le site web ou par e-mail \u00e0 l&#8217;utilisateur.<\/p>\t\t\t\t\t\t\t\t<\/div>\n\t\t\t\t<\/div>\n\t\t\t\t\t<\/div>\n\t\t\t\t<\/div>\n\t\t\t\t<\/div>\n\t\t","protected":false},"excerpt":{"rendered":"<p>Politique de confidentialit\u00e9 Le site, accessible \u00e0 l\u2019adresse www.ovidias.com, ci-apr\u00e8s le \u201cSite Internet\u201d, g\u00e9r\u00e9 par Praliweb bv, ayant son si\u00e8ge social \u00e9tabli \u00e0 3730 Bilzen-Hoeselt, Industrielaan 26, inscrite \u00e0 B.C.E. n\u00b0 0607.968.581, ci-apr\u00e8s d\u00e9nomm\u00e9e \u201cPraliweb\u201d. 1. Responsable de traitement des donn\u00e9es personnelles Praliweb est responsable de traitement de vos donn\u00e9es personnelles sur son Site Internet. [&hellip;]<\/p>\n","protected":false},"author":1,"featured_media":0,"parent":0,"menu_order":0,"comment_status":"closed","ping_status":"closed","template":"","meta":{"_acf_changed":false,"content-type":"","footnotes":""},"class_list":["post-5646","page","type-page","status-publish","hentry"],"acf":[],"yoast_head":"<!-- This site is optimized with the Yoast SEO plugin v26.9 - https:\/\/yoast.com\/product\/yoast-seo-wordpress\/ -->\n<title>Politique de confidentialit\u00e9 | Ovidias \u2013 La s\u00e9curit\u00e9 et la confiance avant tout<\/title>\n<meta name=\"description\" content=\"D\u00e9couvrez comment Ovidias prot\u00e8ge et traite vos donn\u00e9es personnelles conform\u00e9ment \u00e0 la l\u00e9gislation RGPD. La transparence et la s\u00e9curit\u00e9 sont au c\u0153ur de nos pr\u00e9occupations.\" \/>\n<meta name=\"robots\" content=\"index, follow, max-snippet:-1, max-image-preview:large, max-video-preview:-1\" \/>\n<link rel=\"canonical\" href=\"https:\/\/www.ovidias.com\/fr\/politique-de-confidentialite\/\" \/>\n<meta property=\"og:locale\" content=\"fr_FR\" \/>\n<meta property=\"og:type\" content=\"article\" \/>\n<meta property=\"og:title\" content=\"Politique de confidentialit\u00e9 | Ovidias \u2013 La s\u00e9curit\u00e9 et la confiance avant tout\" \/>\n<meta property=\"og:description\" content=\"D\u00e9couvrez comment Ovidias prot\u00e8ge et traite vos donn\u00e9es personnelles conform\u00e9ment \u00e0 la l\u00e9gislation RGPD. La transparence et la s\u00e9curit\u00e9 sont au c\u0153ur de nos pr\u00e9occupations.\" \/>\n<meta property=\"og:url\" content=\"https:\/\/www.ovidias.com\/fr\/politique-de-confidentialite\/\" \/>\n<meta property=\"og:site_name\" content=\"Ovidias\" \/>\n<meta property=\"article:modified_time\" content=\"2025-12-04T15:00:50+00:00\" \/>\n<meta name=\"twitter:card\" content=\"summary_large_image\" \/>\n<meta name=\"twitter:label1\" content=\"Dur\u00e9e de lecture estim\u00e9e\" \/>\n\t<meta name=\"twitter:data1\" content=\"7 minutes\" \/>\n<script type=\"application\/ld+json\" class=\"yoast-schema-graph\">{\"@context\":\"https:\/\/schema.org\",\"@graph\":[{\"@type\":\"WebPage\",\"@id\":\"https:\/\/www.ovidias.com\/fr\/politique-de-confidentialite\/\",\"url\":\"https:\/\/www.ovidias.com\/fr\/politique-de-confidentialite\/\",\"name\":\"Politique de confidentialit\u00e9 | Ovidias \u2013 La s\u00e9curit\u00e9 et la confiance avant tout\",\"isPartOf\":{\"@id\":\"https:\/\/www.ovidias.com\/fr\/#website\"},\"datePublished\":\"2025-02-25T10:03:06+00:00\",\"dateModified\":\"2025-12-04T15:00:50+00:00\",\"description\":\"D\u00e9couvrez comment Ovidias prot\u00e8ge et traite vos donn\u00e9es personnelles conform\u00e9ment \u00e0 la l\u00e9gislation RGPD. La transparence et la s\u00e9curit\u00e9 sont au c\u0153ur de nos pr\u00e9occupations.\",\"breadcrumb\":{\"@id\":\"https:\/\/www.ovidias.com\/fr\/politique-de-confidentialite\/#breadcrumb\"},\"inLanguage\":\"fr-FR\",\"potentialAction\":[{\"@type\":\"ReadAction\",\"target\":[\"https:\/\/www.ovidias.com\/fr\/politique-de-confidentialite\/\"]}]},{\"@type\":\"BreadcrumbList\",\"@id\":\"https:\/\/www.ovidias.com\/fr\/politique-de-confidentialite\/#breadcrumb\",\"itemListElement\":[{\"@type\":\"ListItem\",\"position\":1,\"name\":\"Home\",\"item\":\"https:\/\/www.ovidias.com\/fr\/\"},{\"@type\":\"ListItem\",\"position\":2,\"name\":\"Politique de confidentialit\u00e9\"}]},{\"@type\":\"WebSite\",\"@id\":\"https:\/\/www.ovidias.com\/fr\/#website\",\"url\":\"https:\/\/www.ovidias.com\/fr\/\",\"name\":\"Ovidias\",\"description\":\"\",\"publisher\":{\"@id\":\"https:\/\/www.ovidias.com\/fr\/#organization\"},\"potentialAction\":[{\"@type\":\"SearchAction\",\"target\":{\"@type\":\"EntryPoint\",\"urlTemplate\":\"https:\/\/www.ovidias.com\/fr\/?s={search_term_string}\"},\"query-input\":{\"@type\":\"PropertyValueSpecification\",\"valueRequired\":true,\"valueName\":\"search_term_string\"}}],\"inLanguage\":\"fr-FR\"},{\"@type\":\"Organization\",\"@id\":\"https:\/\/www.ovidias.com\/fr\/#organization\",\"name\":\"Ovidias\",\"url\":\"https:\/\/www.ovidias.com\/fr\/\",\"logo\":{\"@type\":\"ImageObject\",\"inLanguage\":\"fr-FR\",\"@id\":\"https:\/\/www.ovidias.com\/fr\/#\/schema\/logo\/image\/\",\"url\":\"https:\/\/www.ovidias.com\/wp-content\/uploads\/2025\/03\/logo-ander-formaat-2.png\",\"contentUrl\":\"https:\/\/www.ovidias.com\/wp-content\/uploads\/2025\/03\/logo-ander-formaat-2.png\",\"width\":500,\"height\":200,\"caption\":\"Ovidias\"},\"image\":{\"@id\":\"https:\/\/www.ovidias.com\/fr\/#\/schema\/logo\/image\/\"}}]}<\/script>\n<!-- \/ Yoast SEO plugin. -->","yoast_head_json":{"title":"Politique de confidentialit\u00e9 | Ovidias \u2013 La s\u00e9curit\u00e9 et la confiance avant tout","description":"D\u00e9couvrez comment Ovidias prot\u00e8ge et traite vos donn\u00e9es personnelles conform\u00e9ment \u00e0 la l\u00e9gislation RGPD. La transparence et la s\u00e9curit\u00e9 sont au c\u0153ur de nos pr\u00e9occupations.","robots":{"index":"index","follow":"follow","max-snippet":"max-snippet:-1","max-image-preview":"max-image-preview:large","max-video-preview":"max-video-preview:-1"},"canonical":"https:\/\/www.ovidias.com\/fr\/politique-de-confidentialite\/","og_locale":"fr_FR","og_type":"article","og_title":"Politique de confidentialit\u00e9 | Ovidias \u2013 La s\u00e9curit\u00e9 et la confiance avant tout","og_description":"D\u00e9couvrez comment Ovidias prot\u00e8ge et traite vos donn\u00e9es personnelles conform\u00e9ment \u00e0 la l\u00e9gislation RGPD. La transparence et la s\u00e9curit\u00e9 sont au c\u0153ur de nos pr\u00e9occupations.","og_url":"https:\/\/www.ovidias.com\/fr\/politique-de-confidentialite\/","og_site_name":"Ovidias","article_modified_time":"2025-12-04T15:00:50+00:00","twitter_card":"summary_large_image","twitter_misc":{"Dur\u00e9e de lecture estim\u00e9e":"7 minutes"},"schema":{"@context":"https:\/\/schema.org","@graph":[{"@type":"WebPage","@id":"https:\/\/www.ovidias.com\/fr\/politique-de-confidentialite\/","url":"https:\/\/www.ovidias.com\/fr\/politique-de-confidentialite\/","name":"Politique de confidentialit\u00e9 | Ovidias \u2013 La s\u00e9curit\u00e9 et la confiance avant tout","isPartOf":{"@id":"https:\/\/www.ovidias.com\/fr\/#website"},"datePublished":"2025-02-25T10:03:06+00:00","dateModified":"2025-12-04T15:00:50+00:00","description":"D\u00e9couvrez comment Ovidias prot\u00e8ge et traite vos donn\u00e9es personnelles conform\u00e9ment \u00e0 la l\u00e9gislation RGPD. La transparence et la s\u00e9curit\u00e9 sont au c\u0153ur de nos pr\u00e9occupations.","breadcrumb":{"@id":"https:\/\/www.ovidias.com\/fr\/politique-de-confidentialite\/#breadcrumb"},"inLanguage":"fr-FR","potentialAction":[{"@type":"ReadAction","target":["https:\/\/www.ovidias.com\/fr\/politique-de-confidentialite\/"]}]},{"@type":"BreadcrumbList","@id":"https:\/\/www.ovidias.com\/fr\/politique-de-confidentialite\/#breadcrumb","itemListElement":[{"@type":"ListItem","position":1,"name":"Home","item":"https:\/\/www.ovidias.com\/fr\/"},{"@type":"ListItem","position":2,"name":"Politique de confidentialit\u00e9"}]},{"@type":"WebSite","@id":"https:\/\/www.ovidias.com\/fr\/#website","url":"https:\/\/www.ovidias.com\/fr\/","name":"Ovidias","description":"","publisher":{"@id":"https:\/\/www.ovidias.com\/fr\/#organization"},"potentialAction":[{"@type":"SearchAction","target":{"@type":"EntryPoint","urlTemplate":"https:\/\/www.ovidias.com\/fr\/?s={search_term_string}"},"query-input":{"@type":"PropertyValueSpecification","valueRequired":true,"valueName":"search_term_string"}}],"inLanguage":"fr-FR"},{"@type":"Organization","@id":"https:\/\/www.ovidias.com\/fr\/#organization","name":"Ovidias","url":"https:\/\/www.ovidias.com\/fr\/","logo":{"@type":"ImageObject","inLanguage":"fr-FR","@id":"https:\/\/www.ovidias.com\/fr\/#\/schema\/logo\/image\/","url":"https:\/\/www.ovidias.com\/wp-content\/uploads\/2025\/03\/logo-ander-formaat-2.png","contentUrl":"https:\/\/www.ovidias.com\/wp-content\/uploads\/2025\/03\/logo-ander-formaat-2.png","width":500,"height":200,"caption":"Ovidias"},"image":{"@id":"https:\/\/www.ovidias.com\/fr\/#\/schema\/logo\/image\/"}}]}},"_links":{"self":[{"href":"https:\/\/www.ovidias.com\/fr\/wp-json\/wp\/v2\/pages\/5646","targetHints":{"allow":["GET"]}}],"collection":[{"href":"https:\/\/www.ovidias.com\/fr\/wp-json\/wp\/v2\/pages"}],"about":[{"href":"https:\/\/www.ovidias.com\/fr\/wp-json\/wp\/v2\/types\/page"}],"author":[{"embeddable":true,"href":"https:\/\/www.ovidias.com\/fr\/wp-json\/wp\/v2\/users\/1"}],"replies":[{"embeddable":true,"href":"https:\/\/www.ovidias.com\/fr\/wp-json\/wp\/v2\/comments?post=5646"}],"version-history":[{"count":4,"href":"https:\/\/www.ovidias.com\/fr\/wp-json\/wp\/v2\/pages\/5646\/revisions"}],"predecessor-version":[{"id":6338,"href":"https:\/\/www.ovidias.com\/fr\/wp-json\/wp\/v2\/pages\/5646\/revisions\/6338"}],"wp:attachment":[{"href":"https:\/\/www.ovidias.com\/fr\/wp-json\/wp\/v2\/media?parent=5646"}],"curies":[{"name":"wp","href":"https:\/\/api.w.org\/{rel}","templated":true}]}}